{"id":21411,"date":"2025-06-10T10:50:02","date_gmt":"2025-06-10T07:50:02","guid":{"rendered":"https:\/\/sailing.ee\/blogi\/"},"modified":"2025-06-10T11:04:38","modified_gmt":"2025-06-10T08:04:38","slug":"blog","status":"publish","type":"page","link":"https:\/\/sailing.ee\/en\/blog\/","title":{"rendered":"Blog"},"content":{"rendered":"\t\t<div data-elementor-type=\"wp-page\" data-elementor-id=\"21411\" class=\"elementor elementor-21411 elementor-21389\">\n\t\t\t\t\t\t<section class=\"elementor-section elementor-top-section elementor-element elementor-element-6ea6f89 elementor-section-full_width elementor-section-height-default elementor-section-height-default\" data-id=\"6ea6f89\" data-element_type=\"section\" data-e-type=\"section\">\n\t\t\t\t\t\t<div class=\"elementor-container elementor-column-gap-no\">\n\t\t\t\t\t<div class=\"elementor-column elementor-col-100 elementor-top-column elementor-element elementor-element-13782a19\" data-id=\"13782a19\" data-element_type=\"column\" data-e-type=\"column\">\n\t\t\t<div class=\"elementor-widget-wrap elementor-element-populated\">\n\t\t\t\t\t\t<div class=\"elementor-element elementor-element-b95fd03 elementor-widget elementor-widget-uipro-heading\" data-id=\"b95fd03\" data-element_type=\"widget\" data-e-type=\"widget\" data-widget_type=\"uipro-heading.default\">\n\t\t\t\t<div class=\"elementor-widget-container\">\n\t\t\t\t\t<div class=\"templaza-parallax templaza-widget-heading template-base\">    <div data-scroll  class=\"sc_heading uk-flex uk-flex-column uk-position-relative center \"><h1 class=\"title uk-h1 uk-margin\"><span class=\"heading-highlighted-wrapper\"><span class=\"heading-plain-text\">Blog<\/span><\/span><\/h1><\/div><\/div>\t\t\t\t<\/div>\n\t\t\t\t<\/div>\n\t\t\t\t<div class=\"elementor-element elementor-element-18c94b58 elementor-widget elementor-widget-uipro-uiposts\" data-id=\"18c94b58\" data-element_type=\"widget\" data-e-type=\"widget\" data-widget_type=\"uipro-uiposts.default\">\n\t\t\t\t<div class=\"elementor-widget-container\">\n\t\t\t\t\t<div class=\"templaza-parallax templaza-widget-uiposts template-base\"><div data-scroll class=\"ui-posts base post\"><div class=\"ui-posts-list-items \" data-uk-grid><div class=\"ui-posts-intro-item uk-width-1-1\"><div class=\"ui-posts-items-outer uk-dark\"><div class=\"\"><div class=\"ui-post-items uk-child-width-1-2@xl uk-child-width-1-2@l uk-child-width-1-2@m uk-child-width-1-2@s uk-child-width-1-1\" data-uk-grid=\"\"><article class=\" article-item\" data-tag=\"\" data-cat=\"uncategorized-et\" data-date=\"2025-08-21\" data-hits=\"187\"><div class=\"uk-article uk-card    uk-card-custom\"><a class=\"tz-img   uk-height-1-1 ui-post-thumbnail uk-display-block uk-card-media-top\" href=\"https:\/\/sailing.ee\/uncategorized-et\/purjetamine-tallinnas-sunnipaev\/\"><img fetchpriority=\"high\" decoding=\"async\" width=\"580\" height=\"386\" src=\"https:\/\/sailing.ee\/wp-content\/uploads\/2025\/08\/IMG_5526-min-1024x681.jpg\" class=\"attachment-large size-large\" alt=\"purjetamine tallinnas\" srcset=\"https:\/\/sailing.ee\/wp-content\/uploads\/2025\/08\/IMG_5526-min-1024x681.jpg 1024w, https:\/\/sailing.ee\/wp-content\/uploads\/2025\/08\/IMG_5526-min-300x200.jpg 300w, https:\/\/sailing.ee\/wp-content\/uploads\/2025\/08\/IMG_5526-min-768x511.jpg 768w, https:\/\/sailing.ee\/wp-content\/uploads\/2025\/08\/IMG_5526-min-1536x1022.jpg 1536w, https:\/\/sailing.ee\/wp-content\/uploads\/2025\/08\/IMG_5526-min-2048x1363.jpg 2048w, https:\/\/sailing.ee\/wp-content\/uploads\/2025\/08\/IMG_5526-min-600x399.jpg 600w\" sizes=\"(max-width: 580px) 100vw, 580px\" \/> <\/a><div class=\"ui-post-info-wrap \"><div class=\" uk-card-body\"><div class=\"ui-post-meta-top uk-article-meta uk-margin-small\" data-uk-margin><span class=\"ui-post-meta-date\"><i class=\"far fa-calendar-alt\" aria-hidden=\"true\"><\/i>August 21, 2025<\/span><\/div><h3 class=\"ui-title uk-margin-remove-top uk-h3 uk-margin-custom-bottom\"><a href=\"https:\/\/sailing.ee\/uncategorized-et\/purjetamine-tallinnas-sunnipaev\/\">Purjetamine Tallinnas: s\u00fcnnip\u00e4evadest tiimi\u00fcritusteni<\/a><\/h3><div class=\"ui-post-introtext\">Purjetamine Tallinnas ei ole pelgalt vaba aja veetmise viis \u2013 see on elamus, mida saab kohandada paljude erinevate s\u00fcndmuste t\u00e4histamiseks. Kui traditsiooniline&#8230;<\/div><a class=\"ui-post-button uk-button uk-button-custom uk-margin-top uk-border-rounded\" href=\"https:\/\/sailing.ee\/uncategorized-et\/purjetamine-tallinnas-sunnipaev\/\">Read more<\/a><\/div><\/div><\/div><\/article><article class=\" article-item\" data-tag=\"\" data-cat=\"uncategorized-et\" data-date=\"2025-08-21\" data-hits=\"193\"><div class=\"uk-article uk-card    uk-card-custom\"><a class=\"tz-img   uk-height-1-1 ui-post-thumbnail uk-display-block uk-card-media-top\" href=\"https:\/\/sailing.ee\/uncategorized-et\/purjetamine-tallinnas\/\"><img decoding=\"async\" width=\"580\" height=\"386\" src=\"https:\/\/sailing.ee\/wp-content\/uploads\/2025\/08\/IMG_5481-min-1024x681.jpg\" class=\"attachment-large size-large\" alt=\"Purjetamine Tallinnas\" srcset=\"https:\/\/sailing.ee\/wp-content\/uploads\/2025\/08\/IMG_5481-min-1024x681.jpg 1024w, https:\/\/sailing.ee\/wp-content\/uploads\/2025\/08\/IMG_5481-min-300x200.jpg 300w, https:\/\/sailing.ee\/wp-content\/uploads\/2025\/08\/IMG_5481-min-768x511.jpg 768w, https:\/\/sailing.ee\/wp-content\/uploads\/2025\/08\/IMG_5481-min-1536x1022.jpg 1536w, https:\/\/sailing.ee\/wp-content\/uploads\/2025\/08\/IMG_5481-min-2048x1363.jpg 2048w, https:\/\/sailing.ee\/wp-content\/uploads\/2025\/08\/IMG_5481-min-600x399.jpg 600w\" sizes=\"(max-width: 580px) 100vw, 580px\" \/> <\/a><div class=\"ui-post-info-wrap \"><div class=\" uk-card-body\"><div class=\"ui-post-meta-top uk-article-meta uk-margin-small\" data-uk-margin><span class=\"ui-post-meta-date\"><i class=\"far fa-calendar-alt\" aria-hidden=\"true\"><\/i>August 21, 2025<\/span><\/div><h3 class=\"ui-title uk-margin-remove-top uk-h3 uk-margin-custom-bottom\"><a href=\"https:\/\/sailing.ee\/uncategorized-et\/purjetamine-tallinnas\/\">Purjetamine Tallinnas: enne pardale astumist<\/a><\/h3><div class=\"ui-post-introtext\">Purjetamine Tallinnas &#8211; Tallinna laht on \u00fcks Eesti k\u00f5ige ligip\u00e4\u00e4setavamaid ja ilusamaid kohti purjetamiseks. Kui sa pole varem purjetama sattunud, v\u00f5ib m\u00f5te&#8230;<\/div><a class=\"ui-post-button uk-button uk-button-custom uk-margin-top uk-border-rounded\" href=\"https:\/\/sailing.ee\/uncategorized-et\/purjetamine-tallinnas\/\">Read more<\/a><\/div><\/div><\/div><\/article><article class=\" article-item\" data-tag=\"\" data-cat=\"uncategorized-et\" data-date=\"2025-07-28\" data-hits=\"312\"><div class=\"uk-article uk-card    uk-card-custom\"><a class=\"tz-img   uk-height-1-1 ui-post-thumbnail uk-display-block uk-card-media-top\" href=\"https:\/\/sailing.ee\/uncategorized-et\/suvepaevad-praktiline-planeerimisjuhend\/\"><img decoding=\"async\" width=\"580\" height=\"387\" src=\"https:\/\/sailing.ee\/wp-content\/uploads\/2025\/07\/friends-having-nice-barbeque-together-min-1024x683.jpg\" class=\"attachment-large size-large\" alt=\"suvep\u00e4evad\" srcset=\"https:\/\/sailing.ee\/wp-content\/uploads\/2025\/07\/friends-having-nice-barbeque-together-min-1024x683.jpg 1024w, https:\/\/sailing.ee\/wp-content\/uploads\/2025\/07\/friends-having-nice-barbeque-together-min-300x200.jpg 300w, https:\/\/sailing.ee\/wp-content\/uploads\/2025\/07\/friends-having-nice-barbeque-together-min-768x512.jpg 768w, https:\/\/sailing.ee\/wp-content\/uploads\/2025\/07\/friends-having-nice-barbeque-together-min-1536x1024.jpg 1536w, https:\/\/sailing.ee\/wp-content\/uploads\/2025\/07\/friends-having-nice-barbeque-together-min-2048x1365.jpg 2048w, https:\/\/sailing.ee\/wp-content\/uploads\/2025\/07\/friends-having-nice-barbeque-together-min-600x400.jpg 600w\" sizes=\"(max-width: 580px) 100vw, 580px\" \/> <\/a><div class=\"ui-post-info-wrap \"><div class=\" uk-card-body\"><div class=\"ui-post-meta-top uk-article-meta uk-margin-small\" data-uk-margin><span class=\"ui-post-meta-date\"><i class=\"far fa-calendar-alt\" aria-hidden=\"true\"><\/i>July 28, 2025<\/span><\/div><h3 class=\"ui-title uk-margin-remove-top uk-h3 uk-margin-custom-bottom\"><a href=\"https:\/\/sailing.ee\/uncategorized-et\/suvepaevad-praktiline-planeerimisjuhend\/\">Suvep\u00e4evad \u2013 praktiline planeerimisjuhend ja 36 ideed<\/a><\/h3><div class=\"ui-post-introtext\">Suvep\u00e4evad: 36 loovat ideed ja samm-sammuline juhend \u00fcrituse korraldamiseks Suvi on ideaalne aeg, et tuua kolleegid kokku v\u00e4ljaspool kontoriseinu ja korraldada s\u00fcndmus,&#8230;<\/div><a class=\"ui-post-button uk-button uk-button-custom uk-margin-top uk-border-rounded\" href=\"https:\/\/sailing.ee\/uncategorized-et\/suvepaevad-praktiline-planeerimisjuhend\/\">Read more<\/a><\/div><\/div><\/div><\/article><article class=\" article-item\" data-tag=\"\" data-cat=\"uncategorized-et\" data-date=\"2025-07-28\" data-hits=\"464\"><div class=\"uk-article uk-card    uk-card-custom\"><a class=\"tz-img   uk-height-1-1 ui-post-thumbnail uk-display-block uk-card-media-top\" href=\"https:\/\/sailing.ee\/uncategorized-et\/parimad-suvepaevade-kohad-eestis\/\"><img loading=\"lazy\" decoding=\"async\" width=\"580\" height=\"386\" src=\"https:\/\/sailing.ee\/wp-content\/uploads\/2025\/02\/296265971_10159309777074023_1991975744220689639_n-1024x681.jpg\" class=\"attachment-large size-large\" alt=\"suvep\u00e4evade kohad\" srcset=\"https:\/\/sailing.ee\/wp-content\/uploads\/2025\/02\/296265971_10159309777074023_1991975744220689639_n-1024x681.jpg 1024w, https:\/\/sailing.ee\/wp-content\/uploads\/2025\/02\/296265971_10159309777074023_1991975744220689639_n-300x200.jpg 300w, https:\/\/sailing.ee\/wp-content\/uploads\/2025\/02\/296265971_10159309777074023_1991975744220689639_n-768x511.jpg 768w, https:\/\/sailing.ee\/wp-content\/uploads\/2025\/02\/296265971_10159309777074023_1991975744220689639_n-1536x1022.jpg 1536w, https:\/\/sailing.ee\/wp-content\/uploads\/2025\/02\/296265971_10159309777074023_1991975744220689639_n-600x399.jpg 600w, https:\/\/sailing.ee\/wp-content\/uploads\/2025\/02\/296265971_10159309777074023_1991975744220689639_n.jpg 2048w\" sizes=\"(max-width: 580px) 100vw, 580px\" \/> <\/a><div class=\"ui-post-info-wrap \"><div class=\" uk-card-body\"><div class=\"ui-post-meta-top uk-article-meta uk-margin-small\" data-uk-margin><span class=\"ui-post-meta-date\"><i class=\"far fa-calendar-alt\" aria-hidden=\"true\"><\/i>July 28, 2025<\/span><\/div><h3 class=\"ui-title uk-margin-remove-top uk-h3 uk-margin-custom-bottom\"><a href=\"https:\/\/sailing.ee\/uncategorized-et\/parimad-suvepaevade-kohad-eestis\/\">Parimad suvep\u00e4evade kohad Eestis: 10 unustamatut ideed merel<\/a><\/h3><div class=\"ui-post-introtext\">Suvep\u00e4evade korraldamine on \u00fcks oodatumaid hetki paljude Eesti ettev\u00f5tete jaoks. Hea s\u00fcndmus tugevdab meeskonnavaimu, loob m\u00e4lestusi ja pakub v\u00e4rskendust rutiinile. Ent kui&#8230;<\/div><a class=\"ui-post-button uk-button uk-button-custom uk-margin-top uk-border-rounded\" href=\"https:\/\/sailing.ee\/uncategorized-et\/parimad-suvepaevade-kohad-eestis\/\">Read more<\/a><\/div><\/div><\/div><\/article><article class=\" article-item\" data-tag=\"\" data-cat=\"uncategorized-et\" data-date=\"2025-06-26\" data-hits=\"300\"><div class=\"uk-article uk-card    uk-card-custom\"><a class=\"tz-img   uk-height-1-1 ui-post-thumbnail uk-display-block uk-card-media-top\" href=\"https:\/\/sailing.ee\/uncategorized-et\/purjereis-tallinnast-saared\/\"><img loading=\"lazy\" decoding=\"async\" width=\"580\" height=\"397\" src=\"https:\/\/sailing.ee\/wp-content\/uploads\/2025\/02\/468912175_10161242729814023_2424866935476634505_n-1024x701.jpg\" class=\"attachment-large size-large\" alt=\"purjereis tallinnast\" srcset=\"https:\/\/sailing.ee\/wp-content\/uploads\/2025\/02\/468912175_10161242729814023_2424866935476634505_n-1024x701.jpg 1024w, https:\/\/sailing.ee\/wp-content\/uploads\/2025\/02\/468912175_10161242729814023_2424866935476634505_n-300x206.jpg 300w, https:\/\/sailing.ee\/wp-content\/uploads\/2025\/02\/468912175_10161242729814023_2424866935476634505_n-768x526.jpg 768w, https:\/\/sailing.ee\/wp-content\/uploads\/2025\/02\/468912175_10161242729814023_2424866935476634505_n-600x411.jpg 600w, https:\/\/sailing.ee\/wp-content\/uploads\/2025\/02\/468912175_10161242729814023_2424866935476634505_n.jpg 1200w\" sizes=\"(max-width: 580px) 100vw, 580px\" \/> <\/a><div class=\"ui-post-info-wrap \"><div class=\" uk-card-body\"><div class=\"ui-post-meta-top uk-article-meta uk-margin-small\" data-uk-margin><span class=\"ui-post-meta-date\"><i class=\"far fa-calendar-alt\" aria-hidden=\"true\"><\/i>June 26, 2025<\/span><\/div><h3 class=\"ui-title uk-margin-remove-top uk-h3 uk-margin-custom-bottom\"><a href=\"https:\/\/sailing.ee\/uncategorized-et\/purjereis-tallinnast-saared\/\">Purjereis Tallinnast: Aegna, Naissaar ja Prangli<\/a><\/h3><div class=\"ui-post-introtext\">Kui sa seisad Lennusadamas ja vaatad mere poole, avaneb sulle vaade, mis lubab rohkem kui lihtsalt v\u00e4rsket \u00f5hku. Tallinnast on v\u00f5imalik purjetada&#8230;<\/div><a class=\"ui-post-button uk-button uk-button-custom uk-margin-top uk-border-rounded\" href=\"https:\/\/sailing.ee\/uncategorized-et\/purjereis-tallinnast-saared\/\">Read more<\/a><\/div><\/div><\/div><\/article><article class=\" article-item\" data-tag=\"\" data-cat=\"sailing\" data-date=\"2025-06-26\" data-hits=\"361\"><div class=\"uk-article uk-card    uk-card-custom\"><a class=\"tz-img   uk-height-1-1 ui-post-thumbnail uk-display-block uk-card-media-top\" href=\"https:\/\/sailing.ee\/sailing\/purjetamine-tallinnas-mida-kaasa-votta-checklist-algajale\/\"><img loading=\"lazy\" decoding=\"async\" width=\"580\" height=\"358\" src=\"https:\/\/sailing.ee\/wp-content\/uploads\/2025\/06\/oliver-sjostrom-CihXnvELE00-unsplash.jpg\" class=\"attachment-large size-large\" alt=\"Purjetamine Tallinnas\" srcset=\"https:\/\/sailing.ee\/wp-content\/uploads\/2025\/06\/oliver-sjostrom-CihXnvELE00-unsplash.jpg 680w, https:\/\/sailing.ee\/wp-content\/uploads\/2025\/06\/oliver-sjostrom-CihXnvELE00-unsplash-300x185.jpg 300w, https:\/\/sailing.ee\/wp-content\/uploads\/2025\/06\/oliver-sjostrom-CihXnvELE00-unsplash-600x371.jpg 600w\" sizes=\"(max-width: 580px) 100vw, 580px\" \/> <\/a><div class=\"ui-post-info-wrap \"><div class=\" uk-card-body\"><div class=\"ui-post-meta-top uk-article-meta uk-margin-small\" data-uk-margin><span class=\"ui-post-meta-date\"><i class=\"far fa-calendar-alt\" aria-hidden=\"true\"><\/i>June 26, 2025<\/span><\/div><h3 class=\"ui-title uk-margin-remove-top uk-h3 uk-margin-custom-bottom\"><a href=\"https:\/\/sailing.ee\/sailing\/purjetamine-tallinnas-mida-kaasa-votta-checklist-algajale\/\">Purjetamine Tallinnas - mida kaasa v\u00f5tta? (Checklist algajale)<\/a><\/h3><div class=\"ui-post-introtext\">Kui purjetamine Tallinnas, siis v\u00f5ib tunduda, et piisab lihtsalt mugavatest riietest ja heast tujust. Tegelikult on aga m\u00f5ned asjad, mis muudavad merereisi&#8230;<\/div><a class=\"ui-post-button uk-button uk-button-custom uk-margin-top uk-border-rounded\" href=\"https:\/\/sailing.ee\/sailing\/purjetamine-tallinnas-mida-kaasa-votta-checklist-algajale\/\">Read more<\/a><\/div><\/div><\/div><\/article><\/div><\/div><\/div><\/div><\/div><div class=\"ui-post-pagination uk-text-center uk-margin-large-top\"><span aria-label=\"Page 1\" aria-current=\"page\" class=\"page-numbers current\">1<\/span>\n<a aria-label=\"Page 2\" class=\"page-numbers\" href=\"https:\/\/sailing.ee\/en\/wp-json\/wp\/v2\/pages\/21411\/page\/2\/\">2<\/a>\n<a class=\"next page-numbers\" href=\"https:\/\/sailing.ee\/en\/wp-json\/wp\/v2\/pages\/21411\/page\/2\/\"><span data-uk-icon=\"arrow-right\"><\/span><\/a><\/div><\/div><\/div>\t\t\t\t<\/div>\n\t\t\t\t<\/div>\n\t\t\t\t\t<\/div>\n\t\t<\/div>\n\t\t\t\t\t<\/div>\n\t\t<\/section>\n\t\t\t\t<\/div>\n\t\t","protected":false},"excerpt":{"rendered":"<p>Blog juuni 5, 2025 Kuidas planeerida firma\u00fcritus purjekal: tarkadele ja tegijatele &#8220;Firma\u00fcritus purjekal? Kas t\u00f5esti?&#8221; Jah, t\u00e4pselt nii. Kui kontoriseinad on juba k\u00fcmnendat kevadet samad ja bowlinguauke teate peast, siis on aeg raputada&#8230;Read more<\/p>\n","protected":false},"author":2,"featured_media":0,"parent":0,"menu_order":0,"comment_status":"closed","ping_status":"closed","template":"","meta":{"footnotes":""},"class_list":["post-21411","page","type-page","status-publish","hentry","layout-1"],"yoast_head":"<!-- This site is optimized with the Yoast SEO plugin v27.2 - https:\/\/yoast.com\/product\/yoast-seo-wordpress\/ -->\n<title>Blog - Sailing<\/title>\n<meta name=\"robots\" content=\"index, follow, max-snippet:-1, max-image-preview:large, max-video-preview:-1\" \/>\n<link rel=\"canonical\" href=\"https:\/\/sailing.ee\/en\/blog\/\" \/>\n<meta property=\"og:locale\" content=\"en_US\" \/>\n<meta property=\"og:type\" content=\"article\" \/>\n<meta property=\"og:title\" content=\"Blog - Sailing\" \/>\n<meta property=\"og:description\" content=\"Blog juuni 5, 2025 Kuidas planeerida firma\u00fcritus purjekal: tarkadele ja tegijatele &#8220;Firma\u00fcritus purjekal? Kas t\u00f5esti?&#8221; Jah, t\u00e4pselt nii. Kui kontoriseinad on juba k\u00fcmnendat kevadet samad ja bowlinguauke teate peast, siis on aeg raputada&#8230;Read more\" \/>\n<meta property=\"og:url\" content=\"https:\/\/sailing.ee\/en\/blog\/\" \/>\n<meta property=\"og:site_name\" content=\"Sailing\" \/>\n<meta property=\"article:modified_time\" content=\"2025-06-10T08:04:38+00:00\" \/>\n<meta property=\"og:image\" content=\"https:\/\/sailing.ee\/wp-content\/uploads\/2023\/06\/Mootorlaev-Mojito-7_1030x687-1024x683.jpg\" \/>\n<meta name=\"twitter:card\" content=\"summary_large_image\" \/>\n<meta name=\"twitter:label1\" content=\"Est. reading time\" \/>\n\t<meta name=\"twitter:data1\" content=\"1 minute\" \/>\n<script type=\"application\/ld+json\" class=\"yoast-schema-graph\">{\"@context\":\"https:\/\/schema.org\",\"@graph\":[{\"@type\":\"WebPage\",\"@id\":\"https:\/\/sailing.ee\/en\/blog\/\",\"url\":\"https:\/\/sailing.ee\/en\/blog\/\",\"name\":\"Blog - Sailing\",\"isPartOf\":{\"@id\":\"https:\/\/sailing.ee\/#website\"},\"primaryImageOfPage\":{\"@id\":\"https:\/\/sailing.ee\/en\/blog\/#primaryimage\"},\"image\":{\"@id\":\"https:\/\/sailing.ee\/en\/blog\/#primaryimage\"},\"thumbnailUrl\":\"https:\/\/sailing.ee\/wp-content\/uploads\/2023\/06\/Mootorlaev-Mojito-7_1030x687-1024x683.jpg\",\"datePublished\":\"2025-06-10T07:50:02+00:00\",\"dateModified\":\"2025-06-10T08:04:38+00:00\",\"breadcrumb\":{\"@id\":\"https:\/\/sailing.ee\/en\/blog\/#breadcrumb\"},\"inLanguage\":\"en-US\",\"potentialAction\":[{\"@type\":\"ReadAction\",\"target\":[\"https:\/\/sailing.ee\/en\/blog\/\"]}]},{\"@type\":\"ImageObject\",\"inLanguage\":\"en-US\",\"@id\":\"https:\/\/sailing.ee\/en\/blog\/#primaryimage\",\"url\":\"https:\/\/sailing.ee\/wp-content\/uploads\/2023\/06\/Mootorlaev-Mojito-7_1030x687-1024x683.jpg\",\"contentUrl\":\"https:\/\/sailing.ee\/wp-content\/uploads\/2023\/06\/Mootorlaev-Mojito-7_1030x687-1024x683.jpg\"},{\"@type\":\"BreadcrumbList\",\"@id\":\"https:\/\/sailing.ee\/en\/blog\/#breadcrumb\",\"itemListElement\":[{\"@type\":\"ListItem\",\"position\":1,\"name\":\"Avaleht\",\"item\":\"https:\/\/sailing.ee\/\"},{\"@type\":\"ListItem\",\"position\":2,\"name\":\"Blog\"}]},{\"@type\":\"WebSite\",\"@id\":\"https:\/\/sailing.ee\/#website\",\"url\":\"https:\/\/sailing.ee\/\",\"name\":\"Sailing\",\"description\":\"\",\"potentialAction\":[{\"@type\":\"SearchAction\",\"target\":{\"@type\":\"EntryPoint\",\"urlTemplate\":\"https:\/\/sailing.ee\/?s={search_term_string}\"},\"query-input\":{\"@type\":\"PropertyValueSpecification\",\"valueRequired\":true,\"valueName\":\"search_term_string\"}}],\"inLanguage\":\"en-US\"}]}<\/script>\n<!-- \/ Yoast SEO plugin. -->","yoast_head_json":{"title":"Blog - Sailing","robots":{"index":"index","follow":"follow","max-snippet":"max-snippet:-1","max-image-preview":"max-image-preview:large","max-video-preview":"max-video-preview:-1"},"canonical":"https:\/\/sailing.ee\/en\/blog\/","og_locale":"en_US","og_type":"article","og_title":"Blog - Sailing","og_description":"Blog juuni 5, 2025 Kuidas planeerida firma\u00fcritus purjekal: tarkadele ja tegijatele &#8220;Firma\u00fcritus purjekal? Kas t\u00f5esti?&#8221; Jah, t\u00e4pselt nii. Kui kontoriseinad on juba k\u00fcmnendat kevadet samad ja bowlinguauke teate peast, siis on aeg raputada&#8230;Read more","og_url":"https:\/\/sailing.ee\/en\/blog\/","og_site_name":"Sailing","article_modified_time":"2025-06-10T08:04:38+00:00","og_image":[{"url":"https:\/\/sailing.ee\/wp-content\/uploads\/2023\/06\/Mootorlaev-Mojito-7_1030x687-1024x683.jpg","type":"","width":"","height":""}],"twitter_card":"summary_large_image","twitter_misc":{"Est. reading time":"1 minute"},"schema":{"@context":"https:\/\/schema.org","@graph":[{"@type":"WebPage","@id":"https:\/\/sailing.ee\/en\/blog\/","url":"https:\/\/sailing.ee\/en\/blog\/","name":"Blog - Sailing","isPartOf":{"@id":"https:\/\/sailing.ee\/#website"},"primaryImageOfPage":{"@id":"https:\/\/sailing.ee\/en\/blog\/#primaryimage"},"image":{"@id":"https:\/\/sailing.ee\/en\/blog\/#primaryimage"},"thumbnailUrl":"https:\/\/sailing.ee\/wp-content\/uploads\/2023\/06\/Mootorlaev-Mojito-7_1030x687-1024x683.jpg","datePublished":"2025-06-10T07:50:02+00:00","dateModified":"2025-06-10T08:04:38+00:00","breadcrumb":{"@id":"https:\/\/sailing.ee\/en\/blog\/#breadcrumb"},"inLanguage":"en-US","potentialAction":[{"@type":"ReadAction","target":["https:\/\/sailing.ee\/en\/blog\/"]}]},{"@type":"ImageObject","inLanguage":"en-US","@id":"https:\/\/sailing.ee\/en\/blog\/#primaryimage","url":"https:\/\/sailing.ee\/wp-content\/uploads\/2023\/06\/Mootorlaev-Mojito-7_1030x687-1024x683.jpg","contentUrl":"https:\/\/sailing.ee\/wp-content\/uploads\/2023\/06\/Mootorlaev-Mojito-7_1030x687-1024x683.jpg"},{"@type":"BreadcrumbList","@id":"https:\/\/sailing.ee\/en\/blog\/#breadcrumb","itemListElement":[{"@type":"ListItem","position":1,"name":"Avaleht","item":"https:\/\/sailing.ee\/"},{"@type":"ListItem","position":2,"name":"Blog"}]},{"@type":"WebSite","@id":"https:\/\/sailing.ee\/#website","url":"https:\/\/sailing.ee\/","name":"Sailing","description":"","potentialAction":[{"@type":"SearchAction","target":{"@type":"EntryPoint","urlTemplate":"https:\/\/sailing.ee\/?s={search_term_string}"},"query-input":{"@type":"PropertyValueSpecification","valueRequired":true,"valueName":"search_term_string"}}],"inLanguage":"en-US"}]}},"_links":{"self":[{"href":"https:\/\/sailing.ee\/en\/wp-json\/wp\/v2\/pages\/21411","targetHints":{"allow":["GET"]}}],"collection":[{"href":"https:\/\/sailing.ee\/en\/wp-json\/wp\/v2\/pages"}],"about":[{"href":"https:\/\/sailing.ee\/en\/wp-json\/wp\/v2\/types\/page"}],"author":[{"embeddable":true,"href":"https:\/\/sailing.ee\/en\/wp-json\/wp\/v2\/users\/2"}],"replies":[{"embeddable":true,"href":"https:\/\/sailing.ee\/en\/wp-json\/wp\/v2\/comments?post=21411"}],"version-history":[{"count":4,"href":"https:\/\/sailing.ee\/en\/wp-json\/wp\/v2\/pages\/21411\/revisions"}],"predecessor-version":[{"id":21415,"href":"https:\/\/sailing.ee\/en\/wp-json\/wp\/v2\/pages\/21411\/revisions\/21415"}],"wp:attachment":[{"href":"https:\/\/sailing.ee\/en\/wp-json\/wp\/v2\/media?parent=21411"}],"curies":[{"name":"wp","href":"https:\/\/api.w.org\/{rel}","templated":true}]}}